{"id":1225,"date":"2019-01-08T06:14:37","date_gmt":"2019-01-08T03:14:37","guid":{"rendered":"http:\/\/localhost\/Exhibz\/?page_id=1225"},"modified":"2025-01-21T02:08:13","modified_gmt":"2025-01-20T23:08:13","slug":"iletisim","status":"publish","type":"page","link":"https:\/\/test.uluslararasiekonomizirvesi.org\/en\/iletisim\/","title":{"rendered":"iletisim"},"content":{"rendered":"\t\t<div data-elementor-type=\"wp-post\" data-elementor-id=\"1225\" class=\"elementor elementor-1225\">\n\t\t\t\t\t\t<section class=\"elementor-section elementor-top-section elementor-element elementor-element-d2832ba elementor-section-boxed elementor-section-height-default elementor-section-height-default\" data-id=\"d2832ba\" data-element_type=\"section\" data-settings=\"{&quot;background_background&quot;:&quot;classic&quot;}\">\n\t\t\t\t\t\t\t<div class=\"elementor-background-overlay\"><\/div>\n\t\t\t\t\t\t\t<div class=\"elementor-container elementor-column-gap-default\">\n\t\t\t\t\t<div class=\"elementor-column elementor-col-100 elementor-top-column elementor-element elementor-element-6081284\" data-id=\"6081284\" data-element_type=\"column\">\n\t\t\t<div class=\"elementor-widget-wrap elementor-element-populated\">\n\t\t\t\t\t\t<div class=\"elementor-element elementor-element-d9e2d86 elementor-widget elementor-widget-elementskit-heading\" data-id=\"d9e2d86\" data-element_type=\"widget\" data-settings=\"{&quot;ekit_we_effect_on&quot;:&quot;none&quot;}\" data-widget_type=\"elementskit-heading.default\">\n\t\t\t\t<div class=\"elementor-widget-container\">\n\t\t\t<div class=\"ekit-wid-con\" ><div class=\"ekit-heading elementskit-section-title-wraper text_center   ekit_heading_tablet-   ekit_heading_mobile-\"><h1 class=\"ekit-heading--title elementskit-section-title \">Contact Information<\/h1><div class=\"ekit_heading_separetor_wraper ekit_heading_elementskit-border-divider ekit-dotted\"><div class=\"elementskit-border-divider ekit-dotted\"><\/div><\/div><\/div><\/div>\t\t<\/div>\n\t\t\t\t<\/div>\n\t\t\t\t<section class=\"elementor-section elementor-inner-section elementor-element elementor-element-df7b27e elementor-section-boxed elementor-section-height-default elementor-section-height-default\" data-id=\"df7b27e\" data-element_type=\"section\">\n\t\t\t\t\t\t<div class=\"elementor-container elementor-column-gap-default\">\n\t\t\t\t\t<div class=\"elementor-column elementor-col-50 elementor-inner-column elementor-element elementor-element-30b17dd\" data-id=\"30b17dd\" data-element_type=\"column\">\n\t\t\t<div class=\"elementor-widget-wrap elementor-element-populated\">\n\t\t\t\t\t\t<div class=\"elementor-element elementor-element-4c92d54 elementor-widget elementor-widget-exhibz-feature\" data-id=\"4c92d54\" data-element_type=\"widget\" data-settings=\"{&quot;ekit_we_effect_on&quot;:&quot;none&quot;}\" data-widget_type=\"exhibz-feature.default\">\n\t\t\t\t<div class=\"elementor-widget-container\">\n\t\t\t \n    \n    \n\t\t\t<div class=\"single-intro-text single-contact-feature\">\n\t\t\t<h3 class=\"ts-title\">Press Contact<\/h3>\n\t\t\t<p>\n\t\t\t\t<strong>Ad: <\/strong>B\u00fc\u015fra TAN<\/br>\n<strong> Phone: \u202a+90\u00a0553\u00a0783\u00a027\u00a074\u202c <\/strong><br>\n<strong><a href=\"mailto:Btan@messageiletisim.com\">Email:<\/strong> Btan@messageiletisim.com<\/br>\t\t\t<\/p>\n\t\t\t<span class=\"count-number icon icon-layers\">\n\t\t\t\t\n\t\t\t<\/span>\n\t\t<\/div>\n    \n\t\n\t \n\n    \n    \t\t<\/div>\n\t\t\t\t<\/div>\n\t\t\t\t\t<\/div>\n\t\t<\/div>\n\t\t\t\t<div class=\"elementor-column elementor-col-50 elementor-inner-column elementor-element elementor-element-f72dd31\" data-id=\"f72dd31\" data-element_type=\"column\">\n\t\t\t<div class=\"elementor-widget-wrap elementor-element-populated\">\n\t\t\t\t\t\t<div class=\"elementor-element elementor-element-8401f07 elementor-widget elementor-widget-exhibz-feature\" data-id=\"8401f07\" data-element_type=\"widget\" data-settings=\"{&quot;ekit_we_effect_on&quot;:&quot;none&quot;}\" data-widget_type=\"exhibz-feature.default\">\n\t\t\t\t<div class=\"elementor-widget-container\">\n\t\t\t \n    \n    \n\t\t\t<div class=\"single-intro-text single-contact-feature\">\n\t\t\t<h3 class=\"ts-title\">Sponsorship<\/h3>\n\t\t\t<p>\n\t\t\t\t<strong>Name:<\/strong>Do\u011fan Burda Dergi Pazarlama ve Yay\u0131nc\u0131l\u0131k A.\u015e.<br>\n<strong>Phone:<\/strong> +90 212 410 32 00<br>\n<strong>Email:<\/strong> <a href=\"mailto:uez@doganburda.com\">uez@doganburda.com<\/a><br>\n\t\t\t<\/p>\n\t\t\t<span class=\"count-number icon icon-tag\">\n\t\t\t\t\n\t\t\t<\/span>\n\t\t<\/div>\n    \n\t\n\t \n\n    \n    \t\t<\/div>\n\t\t\t\t<\/div>\n\t\t\t\t\t<\/div>\n\t\t<\/div>\n\t\t\t\t\t<\/div>\n\t\t<\/section>\n\t\t\t\t\t<\/div>\n\t\t<\/div>\n\t\t\t\t\t<\/div>\n\t\t<\/section>\n\t\t\t\t<section class=\"elementor-section elementor-top-section elementor-element elementor-element-8e8f67e elementor-section-full_width elementor-section-height-default elementor-section-height-default\" data-id=\"8e8f67e\" data-element_type=\"section\">\n\t\t\t\t\t\t<div class=\"elementor-container elementor-column-gap-no\">\n\t\t\t\t\t<div class=\"elementor-column elementor-col-100 elementor-top-column elementor-element elementor-element-4db4011\" data-id=\"4db4011\" data-element_type=\"column\">\n\t\t\t<div class=\"elementor-widget-wrap elementor-element-populated\">\n\t\t\t\t\t\t<div class=\"elementor-element elementor-element-3981dff elementor-widget elementor-widget-google_maps\" data-id=\"3981dff\" data-element_type=\"widget\" data-settings=\"{&quot;ekit_we_effect_on&quot;:&quot;none&quot;}\" data-widget_type=\"google_maps.default\">\n\t\t\t\t<div class=\"elementor-widget-container\">\n\t\t\t\t\t<div class=\"elementor-custom-embed\">\n\t\t\t<iframe loading=\"lazy\"\n\t\t\t\t\tsrc=\"https:\/\/maps.google.com\/maps?q=Dogan%20Burda%20Dergi%20Pazarlama%20ve%20Yay%C4%B1nc%C4%B1l%C4%B1k%20A.%C5%9E.%2C%20Ku%C5%9Ftepe%20Mahallesi%20Mecidiyek%C3%B6y%20Yolu%20Caddesi%20Trump%20Towers%20Kule%20No%3A12%20D%3A2%2C%2034387%20%C5%9Ei%C5%9Fli%2F%C4%B0stanbul&#038;t=m&#038;z=16&#038;output=embed&#038;iwloc=near\"\n\t\t\t\t\ttitle=\"Dogan Burda Dergi Pazarlama ve Yay\u0131nc\u0131l\u0131k A.\u015e., Ku\u015ftepe Mahallesi Mecidiyek\u00f6y Yolu Caddesi Trump Towers Kule No:12 D:2, 34387 \u015ei\u015fli\/\u0130stanbul\"\n\t\t\t\t\taria-label=\"Dogan Burda Dergi Pazarlama ve Yay\u0131nc\u0131l\u0131k A.\u015e., Ku\u015ftepe Mahallesi Mecidiyek\u00f6y Yolu Caddesi Trump Towers Kule No:12 D:2, 34387 \u015ei\u015fli\/\u0130stanbul\"\n\t\t\t><\/iframe>\n\t\t<\/div>\n\t\t\t\t<\/div>\n\t\t\t\t<\/div>\n\t\t\t\t\t<\/div>\n\t\t<\/div>\n\t\t\t\t\t<\/div>\n\t\t<\/section>\n\t\t\t\t<section class=\"elementor-section elementor-top-section elementor-element elementor-element-097acb7 elementor-section-boxed elementor-section-height-default elementor-section-height-default\" data-id=\"097acb7\" data-element_type=\"section\" data-settings=\"{&quot;background_background&quot;:&quot;classic&quot;}\">\n\t\t\t\t\t\t<div class=\"elementor-container elementor-column-gap-default\">\n\t\t\t\t\t<div class=\"elementor-column elementor-col-100 elementor-top-column elementor-element elementor-element-b2c8d0e\" data-id=\"b2c8d0e\" data-element_type=\"column\">\n\t\t\t<div class=\"elementor-widget-wrap elementor-element-populated\">\n\t\t\t\t\t\t<div class=\"elementor-element elementor-element-32afc62 elementor-widget elementor-widget-elementskit-heading\" data-id=\"32afc62\" data-element_type=\"widget\" data-settings=\"{&quot;ekit_we_effect_on&quot;:&quot;none&quot;}\" data-widget_type=\"elementskit-heading.default\">\n\t\t\t\t<div class=\"elementor-widget-container\">\n\t\t\t<div class=\"ekit-wid-con\" ><div class=\"ekit-heading elementskit-section-title-wraper text_center   ekit_heading_tablet-   ekit_heading_mobile-\"><h1 class=\"ekit-heading--title elementskit-section-title \">Send Message<\/h1><div class=\"ekit_heading_separetor_wraper ekit_heading_elementskit-border-divider ekit-dotted\"><div class=\"elementskit-border-divider ekit-dotted\"><\/div><\/div><\/div><\/div>\t\t<\/div>\n\t\t\t\t<\/div>\n\t\t\t\t<div class=\"elementor-element elementor-element-ead9de5 elementor-widget elementor-widget-shortcode\" data-id=\"ead9de5\" data-element_type=\"widget\" data-settings=\"{&quot;ekit_we_effect_on&quot;:&quot;none&quot;}\" data-widget_type=\"shortcode.default\">\n\t\t\t\t<div class=\"elementor-widget-container\">\n\t\t\t\t\t<div class=\"elementor-shortcode\"><\/div>\n\t\t\t\t<\/div>\n\t\t\t\t<\/div>\n\t\t\t\t\t<\/div>\n\t\t<\/div>\n\t\t\t\t\t<\/div>\n\t\t<\/section>\n\t\t\t\t<\/div>\n\t\t","protected":false},"excerpt":{"rendered":"<p>Contact Information Press Contact Ad: B\u00fc\u015fra TAN Phone: \u202a+90\u00a0553\u00a0783\u00a027\u00a074\u202c Email: Btan@messageiletisim.com Sponsorship Name:Do\u011fan Burda Dergi Pazarlama ve Yay\u0131nc\u0131l\u0131k A.\u015e. Phone: +90 212 410 32 00 Email: uez@doganburda.com Send Message<\/p>\n","protected":false},"author":1,"featured_media":0,"parent":0,"menu_order":0,"comment_status":"closed","ping_status":"closed","template":"template\/full-width-template.php","meta":{"footnotes":""},"class_list":["post-1225","page","type-page","status-publish","hentry"],"yoast_head":"<!-- This site is optimized with the Yoast SEO plugin v24.5 - https:\/\/yoast.com\/wordpress\/plugins\/seo\/ -->\n<title>iletisim - International Economic Summit<\/title>\n<meta name=\"robots\" content=\"index, follow, max-snippet:-1, max-image-preview:large, max-video-preview:-1\" \/>\n<link rel=\"canonical\" href=\"https:\/\/test.uluslararasiekonomizirvesi.org\/en\/iletisim\/\" \/>\n<meta property=\"og:locale\" content=\"tr_TR\" \/>\n<meta property=\"og:type\" content=\"article\" \/>\n<meta property=\"og:title\" content=\"iletisim - International Economic Summit\" \/>\n<meta property=\"og:description\" content=\"Contact Information Press Contact Ad: B\u00fc\u015fra TAN Phone: \u202a+90\u00a0553\u00a0783\u00a027\u00a074\u202c Email: Btan@messageiletisim.com Sponsorship Name:Do\u011fan Burda Dergi Pazarlama ve Yay\u0131nc\u0131l\u0131k A.\u015e. Phone: +90 212 410 32 00 Email: uez@doganburda.com Send Message\" \/>\n<meta property=\"og:url\" content=\"https:\/\/test.uluslararasiekonomizirvesi.org\/en\/iletisim\/\" \/>\n<meta property=\"og:site_name\" content=\"International Economic Summit\" \/>\n<meta property=\"article:modified_time\" content=\"2025-01-20T23:08:13+00:00\" \/>\n<meta name=\"twitter:card\" content=\"summary_large_image\" \/>\n<meta name=\"twitter:label1\" content=\"Tahmini okuma s\u00fcresi\" \/>\n\t<meta name=\"twitter:data1\" content=\"1 dakika\" \/>\n<script type=\"application\/ld+json\" class=\"yoast-schema-graph\">{\"@context\":\"https:\/\/schema.org\",\"@graph\":[{\"@type\":\"WebPage\",\"@id\":\"https:\/\/test.uluslararasiekonomizirvesi.org\/en\/iletisim\/\",\"url\":\"https:\/\/test.uluslararasiekonomizirvesi.org\/en\/iletisim\/\",\"name\":\"iletisim - International Economic Summit\",\"isPartOf\":{\"@id\":\"https:\/\/test.uluslararasiekonomizirvesi.org\/en\/#website\"},\"datePublished\":\"2019-01-08T03:14:37+00:00\",\"dateModified\":\"2025-01-20T23:08:13+00:00\",\"breadcrumb\":{\"@id\":\"https:\/\/test.uluslararasiekonomizirvesi.org\/en\/iletisim\/#breadcrumb\"},\"inLanguage\":\"tr\",\"potentialAction\":[{\"@type\":\"ReadAction\",\"target\":[\"https:\/\/test.uluslararasiekonomizirvesi.org\/en\/iletisim\/\"]}]},{\"@type\":\"BreadcrumbList\",\"@id\":\"https:\/\/test.uluslararasiekonomizirvesi.org\/en\/iletisim\/#breadcrumb\",\"itemListElement\":[{\"@type\":\"ListItem\",\"position\":1,\"name\":\"Anasayfa\",\"item\":\"https:\/\/test.uluslararasiekonomizirvesi.org\/en\/\"},{\"@type\":\"ListItem\",\"position\":2,\"name\":\"iletisim\"}]},{\"@type\":\"WebSite\",\"@id\":\"https:\/\/test.uluslararasiekonomizirvesi.org\/en\/#website\",\"url\":\"https:\/\/test.uluslararasiekonomizirvesi.org\/en\/\",\"name\":\"International Economic Summit\",\"description\":\"\",\"potentialAction\":[{\"@type\":\"SearchAction\",\"target\":{\"@type\":\"EntryPoint\",\"urlTemplate\":\"https:\/\/test.uluslararasiekonomizirvesi.org\/en\/?s={search_term_string}\"},\"query-input\":{\"@type\":\"PropertyValueSpecification\",\"valueRequired\":true,\"valueName\":\"search_term_string\"}}],\"inLanguage\":\"tr\"}]}<\/script>\n<!-- \/ Yoast SEO plugin. -->","yoast_head_json":{"title":"iletisim - International Economic Summit","robots":{"index":"index","follow":"follow","max-snippet":"max-snippet:-1","max-image-preview":"max-image-preview:large","max-video-preview":"max-video-preview:-1"},"canonical":"https:\/\/test.uluslararasiekonomizirvesi.org\/en\/iletisim\/","og_locale":"tr_TR","og_type":"article","og_title":"iletisim - International Economic Summit","og_description":"Contact Information Press Contact Ad: B\u00fc\u015fra TAN Phone: \u202a+90\u00a0553\u00a0783\u00a027\u00a074\u202c Email: Btan@messageiletisim.com Sponsorship Name:Do\u011fan Burda Dergi Pazarlama ve Yay\u0131nc\u0131l\u0131k A.\u015e. Phone: +90 212 410 32 00 Email: uez@doganburda.com Send Message","og_url":"https:\/\/test.uluslararasiekonomizirvesi.org\/en\/iletisim\/","og_site_name":"International Economic Summit","article_modified_time":"2025-01-20T23:08:13+00:00","twitter_card":"summary_large_image","twitter_misc":{"Tahmini okuma s\u00fcresi":"1 dakika"},"schema":{"@context":"https:\/\/schema.org","@graph":[{"@type":"WebPage","@id":"https:\/\/test.uluslararasiekonomizirvesi.org\/en\/iletisim\/","url":"https:\/\/test.uluslararasiekonomizirvesi.org\/en\/iletisim\/","name":"iletisim - International Economic Summit","isPartOf":{"@id":"https:\/\/test.uluslararasiekonomizirvesi.org\/en\/#website"},"datePublished":"2019-01-08T03:14:37+00:00","dateModified":"2025-01-20T23:08:13+00:00","breadcrumb":{"@id":"https:\/\/test.uluslararasiekonomizirvesi.org\/en\/iletisim\/#breadcrumb"},"inLanguage":"tr","potentialAction":[{"@type":"ReadAction","target":["https:\/\/test.uluslararasiekonomizirvesi.org\/en\/iletisim\/"]}]},{"@type":"BreadcrumbList","@id":"https:\/\/test.uluslararasiekonomizirvesi.org\/en\/iletisim\/#breadcrumb","itemListElement":[{"@type":"ListItem","position":1,"name":"Anasayfa","item":"https:\/\/test.uluslararasiekonomizirvesi.org\/en\/"},{"@type":"ListItem","position":2,"name":"iletisim"}]},{"@type":"WebSite","@id":"https:\/\/test.uluslararasiekonomizirvesi.org\/en\/#website","url":"https:\/\/test.uluslararasiekonomizirvesi.org\/en\/","name":"International Economic Summit","description":"","potentialAction":[{"@type":"SearchAction","target":{"@type":"EntryPoint","urlTemplate":"https:\/\/test.uluslararasiekonomizirvesi.org\/en\/?s={search_term_string}"},"query-input":{"@type":"PropertyValueSpecification","valueRequired":true,"valueName":"search_term_string"}}],"inLanguage":"tr"}]}},"_links":{"self":[{"href":"https:\/\/test.uluslararasiekonomizirvesi.org\/en\/wp-json\/wp\/v2\/pages\/1225","targetHints":{"allow":["GET"]}}],"collection":[{"href":"https:\/\/test.uluslararasiekonomizirvesi.org\/en\/wp-json\/wp\/v2\/pages"}],"about":[{"href":"https:\/\/test.uluslararasiekonomizirvesi.org\/en\/wp-json\/wp\/v2\/types\/page"}],"author":[{"embeddable":true,"href":"https:\/\/test.uluslararasiekonomizirvesi.org\/en\/wp-json\/wp\/v2\/users\/1"}],"replies":[{"embeddable":true,"href":"https:\/\/test.uluslararasiekonomizirvesi.org\/en\/wp-json\/wp\/v2\/comments?post=1225"}],"version-history":[{"count":0,"href":"https:\/\/test.uluslararasiekonomizirvesi.org\/en\/wp-json\/wp\/v2\/pages\/1225\/revisions"}],"wp:attachment":[{"href":"https:\/\/test.uluslararasiekonomizirvesi.org\/en\/wp-json\/wp\/v2\/media?parent=1225"}],"curies":[{"name":"wp","href":"https:\/\/api.w.org\/{rel}","templated":true}]}}