{"id":994,"date":"2019-01-06T09:12:01","date_gmt":"2019-01-06T06:12:01","guid":{"rendered":"http:\/\/localhost\/Exhibz\/?page_id=994"},"modified":"2024-11-26T02:39:14","modified_gmt":"2024-11-25T23:39:14","slug":"hakkimizda","status":"publish","type":"page","link":"https:\/\/test.uluslararasiekonomizirvesi.org\/en\/hakkimizda\/","title":{"rendered":"Hakk\u0131m\u0131zda"},"content":{"rendered":"\t\t<div data-elementor-type=\"wp-post\" data-elementor-id=\"994\" class=\"elementor elementor-994\">\n\t\t\t\t\t\t<section class=\"elementor-section elementor-top-section elementor-element elementor-element-f961fd0 elementor-section-full_width elementor-section-height-min-height elementor-section-items-stretch elementor-section-content-middle elementor-section-height-default\" data-id=\"f961fd0\" data-element_type=\"section\" data-settings=\"{&quot;background_background&quot;:&quot;classic&quot;,&quot;shape_divider_top&quot;:&quot;mountains&quot;}\">\n\t\t\t\t\t<div class=\"elementor-shape elementor-shape-top\" data-negative=\"false\">\n\t\t\t<svg xmlns=\"http:\/\/www.w3.org\/2000\/svg\" viewBox=\"0 0 1000 100\" preserveAspectRatio=\"none\">\n\t<path class=\"elementor-shape-fill\" opacity=\"0.33\" d=\"M473,67.3c-203.9,88.3-263.1-34-320.3,0C66,119.1,0,59.7,0,59.7V0h1000v59.7 c0,0-62.1,26.1-94.9,29.3c-32.8,3.3-62.8-12.3-75.8-22.1C806,49.6,745.3,8.7,694.9,4.7S492.4,59,473,67.3z\"\/>\n\t<path class=\"elementor-shape-fill\" opacity=\"0.66\" d=\"M734,67.3c-45.5,0-77.2-23.2-129.1-39.1c-28.6-8.7-150.3-10.1-254,39.1 s-91.7-34.4-149.2,0C115.7,118.3,0,39.8,0,39.8V0h1000v36.5c0,0-28.2-18.5-92.1-18.5C810.2,18.1,775.7,67.3,734,67.3z\"\/>\n\t<path class=\"elementor-shape-fill\" d=\"M766.1,28.9c-200-57.5-266,65.5-395.1,19.5C242,1.8,242,5.4,184.8,20.6C128,35.8,132.3,44.9,89.9,52.5C28.6,63.7,0,0,0,0 h1000c0,0-9.9,40.9-83.6,48.1S829.6,47,766.1,28.9z\"\/>\n<\/svg>\t\t<\/div>\n\t\t\t\t\t<div class=\"elementor-container elementor-column-gap-default\">\n\t\t\t\t\t<div class=\"elementor-column elementor-col-100 elementor-top-column elementor-element elementor-element-10292f2\" data-id=\"10292f2\" data-element_type=\"column\" data-settings=\"{&quot;background_background&quot;:&quot;classic&quot;}\">\n\t\t\t<div class=\"elementor-widget-wrap elementor-element-populated\">\n\t\t\t\t\t<div class=\"elementor-background-overlay\"><\/div>\n\t\t\t\t\t\t<div class=\"elementor-element elementor-element-3026f54 elementor-widget elementor-widget-heading\" data-id=\"3026f54\" data-element_type=\"widget\" data-settings=\"{&quot;ekit_we_effect_on&quot;:&quot;none&quot;}\" data-widget_type=\"heading.default\">\n\t\t\t\t<div class=\"elementor-widget-container\">\n\t\t\t<h1 class=\"elementor-heading-title elementor-size-xl\">ABOUT US<\/h1>\t\t<\/div>\n\t\t\t\t<\/div>\n\t\t\t\t\t<\/div>\n\t\t<\/div>\n\t\t\t\t\t<\/div>\n\t\t<\/section>\n\t\t\t\t<section class=\"elementor-section elementor-top-section elementor-element elementor-element-7d1d404 elementor-section-boxed elementor-section-height-default elementor-section-height-default\" data-id=\"7d1d404\" data-element_type=\"section\" data-settings=\"{&quot;background_background&quot;:&quot;classic&quot;}\">\n\t\t\t\t\t\t\t<div class=\"elementor-background-overlay\"><\/div>\n\t\t\t\t\t\t\t<div class=\"elementor-container elementor-column-gap-default\">\n\t\t\t\t\t<div class=\"elementor-column elementor-col-100 elementor-top-column elementor-element elementor-element-7398f41\" data-id=\"7398f41\" data-element_type=\"column\">\n\t\t\t<div class=\"elementor-widget-wrap elementor-element-populated\">\n\t\t\t\t\t\t<div class=\"elementor-element elementor-element-79b8d5e elementor-widget elementor-widget-text-editor\" data-id=\"79b8d5e\" data-element_type=\"widget\" data-settings=\"{&quot;ekit_we_effect_on&quot;:&quot;none&quot;}\" data-widget_type=\"text-editor.default\">\n\t\t\t\t<div class=\"elementor-widget-container\">\n\t\t\t\t\t\t\t<p>\u00a0<\/p><p>Exactly 13 years ago, the Uluda\u011f Economy Summit (UEZ), which set out with the participation of 50 business people and 650 spectators in 2012, turned into the &#8220;largest meeting of the region&#8221; in the intervening time. It started to be known as the carefully watched and most admired business and economy organisation of Eurasia. It has developed over the years and has reached 110 high-level speakers and 2 thousand participants from Turkey and the world. UEZ held twice in Istanbul in hybrid format, spring and fall, to catch up with the rapidly changing agenda and dynamics of the pandemic period in 2021.<\/p><p>Organised by Capital, Ekonomist and Start Up magazines, the summit was completely renovated in 2022 and again physically held in Sapanca on 6-9 October 2022 with more than 80 speakers and nearly 1,000 high-level participants. Former French President Fran\u00e7ois Hollande attended UEZ 2022 as a &#8220;special speaker&#8221;. In 2023, the summit held on April 27-30 under the main theme of &#8220;One World, A Common Future: Policies and Business Strategies to Shape Tomorrow for New Generations&#8221;.<\/p><p>Former German President Christian Wulff, as well as Former Prime Minister of Italy Enrico Letta, Jo Johnson, who serves as the former Minister of State of the Cameron, May and Johnson Governments in the UK, attended as a special speaker for UEZ 2023, and shared their analysis in a special panel on \u201cChanging Global Order: Europe and Turkey&#8217;s New Roles\u201d.<\/p><p>In 2024, it took place with the participation of a large number of respected domestic and foreign opinion leaders such as Mehmet \u015eim\u015fek\/ Minister of Treasury and Finance of Turkey, Fredrik Reinfeldt\/ Former Prime Minister of Sweden, Professor Yanis Varoufakis\/Former Minister of Finance of Greece, Anabel Diaz\/ Vice President of Uber, Daniel Doll Steinberg\/ Artificial Intelligence Expert and Entrepreneur, Janet Henry\/HSBC Chief Economist, Max Gillman\/Professor of Economic History at the University of Missouri. Starting from 2025, we are renewing the name of our summit to represent its brand development over time. From now on, our summit (UEZ) will continue as the &#8220;International Economy Summit&#8221;. Our 2025 theme has been determined as CHANGING GLOBAL FACTS AND THE FUTURE 5.0.<\/p><p>Under this theme, we will discuss the following topics on April 17-20, 2025:<\/p><p>Can artificial intelligence, blockchain, the impact of robotic technologies and the light of science create a future 5.0&#8242; in every field from education to health, from industry to agriculture? Is it possible to reduce geopolitical shocks and tensions by ensuring a fair and inclusive energy transition? How can the world reach the goal of Future 5.0 and Economy 5.0?<\/p><p>We welcome you all to the International Economic Summit 2025 (UEZ 2025) to meet its renewed identity and be inspired by visionary thought leaders.<\/p>\t\t\t\t\t\t<\/div>\n\t\t\t\t<\/div>\n\t\t\t\t<div class=\"elementor-element elementor-element-50f77e7 elementor-hidden-desktop elementor-hidden-tablet elementor-hidden-mobile elementor-widget elementor-widget-text-editor\" data-id=\"50f77e7\" data-element_type=\"widget\" data-settings=\"{&quot;ekit_we_effect_on&quot;:&quot;none&quot;}\" data-widget_type=\"text-editor.default\">\n\t\t\t\t<div class=\"elementor-widget-container\">\n\t\t\t\t\t\t\t<h1 style=\"text-align: center;\"><strong>ULUDA\u011e EKONOM\u0130 Z\u0130RVES\u0130<\/strong><\/h1><p style=\"color: #000000; font-family: Roboto, sans-serif; font-size: 16px; font-weight: 400;\">2012 y\u0131l\u0131nda 50 i\u015f insan\u0131 ve 650 izleyicinin kat\u0131l\u0131m\u0131yla yola \u00e7\u0131kan Uluda\u011f Ekonomi Zirvesi (UEZ), aradan ge\u00e7en s\u00fcrede \u201cb\u00f6lgenin en b\u00fcy\u00fck bulu\u015fmas\u0131na\u201d\u00a0 d\u00f6n\u00fc\u015ft\u00fc. Y\u0131llar i\u00e7inde geli\u015ferek T\u00fcrkiye\u2019den ve d\u00fcnyadan \u00fcst d\u00fczey 110 konu\u015fmac\u0131 ve 2 bin kat\u0131l\u0131mc\u0131ya ula\u015ft\u0131.\u00a0Capital, Ekonomist\u00a0 ve Start Up dergileri taraf\u0131ndan organize edilen zirve, 2021\u2019de pandemi d\u00f6neminin h\u0131zl\u0131 de\u011fi\u015fen g\u00fcndemini ve dinamiklerini yakalamak \u00fczere bahar ve sonbahar olmak \u00fczere iki kez hayata ge\u00e7irildi. 24-25 Mart tarihlerinde hibrit olarak d\u00fczenledi\u011fimiz UEZ\u201921 Bahar zirvesinde \u201cYeni D\u00fcnyaya Haz\u0131r M\u0131y\u0131z\u201d temas\u0131 alt\u0131nda 14 farkl\u0131 panel ger\u00e7ekle\u015ftirildi. 24- 25 Kas\u0131m\u2019daki UEZ\u201921 Sonbahar ise \u201cS\u00fcrd\u00fcr\u00fclebilirlik ve Gelecek\u201d temas\u0131yla planland\u0131. Zirve\u00a0 \u201cS\u00fcrd\u00fcr\u00fclebilirlik\u201d, \u201cGlobal Ekonomi: Daha \u0130yi Bir Gelecek M\u00fcmk\u00fcn M\u00fc?\u201d, \u201cD\u00f6ng\u00fcsel Ekonomi\u201d, \u201cEnerjide Yeni Dengeler\u201d, \u201cBankac\u0131l\u0131\u011f\u0131n Gelece\u011fi\u201d, \u201cTar\u0131mda Yeni Vizyon\u201d, \u201c\u0130\u015fte Daha Fazla Kad\u0131n ve E\u015fitlik\u201d ve \u201cGelece\u011fi D\u00f6n\u00fc\u015ft\u00fcren Teknolojiler\u201d gibi g\u00fcn\u00fcm\u00fcz i\u015f d\u00fcnyas\u0131n\u0131n ajandas\u0131nda \u00f6ne \u00e7\u0131kan konular panellerde T\u00fcrkiye\u2019den ve yurt d\u0131\u015f\u0131ndan i\u015f, ekonomi, siyaset ve ekonomi ve akademi alan\u0131nda lider konu\u015fmac\u0131lar\u0131n katk\u0131s\u0131yla ele al\u0131nd\u0131.<\/p><p>T\u00fcrk i\u015f ve ekonomi d\u00fcnyas\u0131 liderlerinin y\u0131llard\u0131r b\u00fcy\u00fck ilgi ve tevecc\u00fch g\u00f6sterdi\u011fi Uluda\u011f Ekonomi Zirvesi , 2022 y\u0131l\u0131nda tekrar fiziksel olarak Sapanca\u2019da pandemi ko\u015fullar\u0131na uygun olarak d\u00fczenlenecek. Capital&amp;Ekonomist ve Start Up Dergileri olarak bizler UEZ 2022\u2019nin bu zorlu pandemi d\u00f6neminden \u00e7\u0131k\u0131\u015fta ekonomi y\u00f6netiminin, kamu ve i\u015f d\u00fcnyas\u0131 liderlerinin yeni d\u00fcnyaya ili\u015fkin g\u00fcncel problemleri ancak hep birlikte \u00e7al\u0131\u015farak \u00e7\u00f6zebilece\u011fini d\u00fc\u015f\u00fcn\u00fcyoruz. Fikir \u00f6nderlerinin t\u00fcm d\u00fcnyay\u0131 kapsamas\u0131 gereken yeni, s\u00fcrd\u00fcr\u00fclebilir ve e\u015fitlik\u00e7i bir ekonomik modele ge\u00e7i\u015f i\u00e7in \u201cbirlikte\u201d \u00f6nc\u00fcl\u00fck edecekleri de\u011fi\u015fim, iyile\u015ftirme,\u00a0 yeniden tasarlama ve onu takip edecek toparlanman\u0131n ard\u0131ndan yeniden y\u00fckseli\u015f hedeflerine ili\u015fkin mesajlar\u0131n\u0131 g\u00fc\u00e7l\u00fc bir tonla kamuoyuyla payla\u015fabilece\u011fi , vizyoner, \u00fcst d\u00fczey bir platform olarak hayat bulmas\u0131n\u0131 ama\u00e7l\u0131yoruz. \u201cYeni K\u00fcresel D\u00fczeni Tasarlamak: Birlikte \u0130yile\u015ftirme, De\u011fi\u015fim ve Dijitalle\u015fme\u201d temas\u0131 alt\u0131nda d\u00fczenlenecek UEZ 2022\u2019de ge\u00e7i\u015f s\u00fcrecinin zorluklar\u0131, daha s\u00fcrd\u00fcr\u00fclebilir \u00fcretim sistemleri ve t\u00fcketim bilincine ge\u00e7i\u015fin \u00f6n\u00fcndeki engeller ve bu hedefler do\u011frultusunda at\u0131lmas\u0131 gereken ad\u0131mlar konu\u015fulup, tart\u0131\u015f\u0131lacak. Uluda\u011f Ekonomi Zirvesi, kat\u0131l\u0131mc\u0131lara \u201c\u00f6zel kapal\u0131 yemekler\u201d, \u201cNetworking f\u0131rsatlar\u0131\u201d, \u201c\u00f6zel bas\u0131n bulu\u015fmas\u0131\u201d gibi olanaklar da sunuyor. UEZ, giderek i\u00e7erik payla\u015f\u0131m\u0131n yan\u0131 s\u0131ra \u201cbulu\u015fman\u0131n adresi\u201d haline de gelmi\u015f durumda.\u00a02022 y\u0131l\u0131nda ger\u00e7ekle\u015fecek Zirve\u2019de yine i\u015f d\u00fcnyas\u0131ndan \u00fcst d\u00fczeyde kat\u0131l\u0131m olacak. Ayr\u0131nt\u0131lar\u0131 web sitemizden takip edebilirsiniz.<\/p>\t\t\t\t\t\t<\/div>\n\t\t\t\t<\/div>\n\t\t\t\t\t<\/div>\n\t\t<\/div>\n\t\t\t\t\t<\/div>\n\t\t<\/section>\n\t\t\t\t<\/div>\n\t\t","protected":false},"excerpt":{"rendered":"<p>ABOUT US \u00a0 Exactly 13 years ago, the Uluda\u011f Economy Summit (UEZ), which set out with the participation of 50 business people and 650 spectators in 2012, turned into the &#8220;largest meeting of the region&#8221; in the intervening time. It started to be known as the carefully watched and most admired business and economy organisation [&hellip;]<\/p>\n","protected":false},"author":1,"featured_media":0,"parent":0,"menu_order":0,"comment_status":"closed","ping_status":"closed","template":"template\/full-width-template.php","meta":{"footnotes":""},"class_list":["post-994","page","type-page","status-publish","hentry"],"yoast_head":"<!-- This site is optimized with the Yoast SEO plugin v24.5 - https:\/\/yoast.com\/wordpress\/plugins\/seo\/ -->\n<title>Hakk\u0131m\u0131zda - International Economic Summit<\/title>\n<meta name=\"robots\" content=\"index, follow, max-snippet:-1, max-image-preview:large, max-video-preview:-1\" \/>\n<link rel=\"canonical\" href=\"https:\/\/test.uluslararasiekonomizirvesi.org\/en\/hakkimizda\/\" \/>\n<meta property=\"og:locale\" content=\"tr_TR\" \/>\n<meta property=\"og:type\" content=\"article\" \/>\n<meta property=\"og:title\" content=\"Hakk\u0131m\u0131zda - International Economic Summit\" \/>\n<meta property=\"og:description\" content=\"ABOUT US \u00a0 Exactly 13 years ago, the Uluda\u011f Economy Summit (UEZ), which set out with the participation of 50 business people and 650 spectators in 2012, turned into the &#8220;largest meeting of the region&#8221; in the intervening time. It started to be known as the carefully watched and most admired business and economy organisation [&hellip;]\" \/>\n<meta property=\"og:url\" content=\"https:\/\/test.uluslararasiekonomizirvesi.org\/en\/hakkimizda\/\" \/>\n<meta property=\"og:site_name\" content=\"International Economic Summit\" \/>\n<meta property=\"article:modified_time\" content=\"2024-11-25T23:39:14+00:00\" \/>\n<meta name=\"twitter:card\" content=\"summary_large_image\" \/>\n<meta name=\"twitter:label1\" content=\"Tahmini okuma s\u00fcresi\" \/>\n\t<meta name=\"twitter:data1\" content=\"5 dakika\" \/>\n<script type=\"application\/ld+json\" class=\"yoast-schema-graph\">{\"@context\":\"https:\/\/schema.org\",\"@graph\":[{\"@type\":\"WebPage\",\"@id\":\"https:\/\/test.uluslararasiekonomizirvesi.org\/en\/hakkimizda\/\",\"url\":\"https:\/\/test.uluslararasiekonomizirvesi.org\/en\/hakkimizda\/\",\"name\":\"Hakk\u0131m\u0131zda - International Economic Summit\",\"isPartOf\":{\"@id\":\"https:\/\/test.uluslararasiekonomizirvesi.org\/en\/#website\"},\"datePublished\":\"2019-01-06T06:12:01+00:00\",\"dateModified\":\"2024-11-25T23:39:14+00:00\",\"breadcrumb\":{\"@id\":\"https:\/\/test.uluslararasiekonomizirvesi.org\/en\/hakkimizda\/#breadcrumb\"},\"inLanguage\":\"tr\",\"potentialAction\":[{\"@type\":\"ReadAction\",\"target\":[\"https:\/\/test.uluslararasiekonomizirvesi.org\/en\/hakkimizda\/\"]}]},{\"@type\":\"BreadcrumbList\",\"@id\":\"https:\/\/test.uluslararasiekonomizirvesi.org\/en\/hakkimizda\/#breadcrumb\",\"itemListElement\":[{\"@type\":\"ListItem\",\"position\":1,\"name\":\"Anasayfa\",\"item\":\"https:\/\/test.uluslararasiekonomizirvesi.org\/en\/\"},{\"@type\":\"ListItem\",\"position\":2,\"name\":\"Hakk\u0131m\u0131zda\"}]},{\"@type\":\"WebSite\",\"@id\":\"https:\/\/test.uluslararasiekonomizirvesi.org\/en\/#website\",\"url\":\"https:\/\/test.uluslararasiekonomizirvesi.org\/en\/\",\"name\":\"International Economic Summit\",\"description\":\"\",\"potentialAction\":[{\"@type\":\"SearchAction\",\"target\":{\"@type\":\"EntryPoint\",\"urlTemplate\":\"https:\/\/test.uluslararasiekonomizirvesi.org\/en\/?s={search_term_string}\"},\"query-input\":{\"@type\":\"PropertyValueSpecification\",\"valueRequired\":true,\"valueName\":\"search_term_string\"}}],\"inLanguage\":\"tr\"}]}<\/script>\n<!-- \/ Yoast SEO plugin. -->","yoast_head_json":{"title":"Hakk\u0131m\u0131zda - International Economic Summit","robots":{"index":"index","follow":"follow","max-snippet":"max-snippet:-1","max-image-preview":"max-image-preview:large","max-video-preview":"max-video-preview:-1"},"canonical":"https:\/\/test.uluslararasiekonomizirvesi.org\/en\/hakkimizda\/","og_locale":"tr_TR","og_type":"article","og_title":"Hakk\u0131m\u0131zda - International Economic Summit","og_description":"ABOUT US \u00a0 Exactly 13 years ago, the Uluda\u011f Economy Summit (UEZ), which set out with the participation of 50 business people and 650 spectators in 2012, turned into the &#8220;largest meeting of the region&#8221; in the intervening time. It started to be known as the carefully watched and most admired business and economy organisation [&hellip;]","og_url":"https:\/\/test.uluslararasiekonomizirvesi.org\/en\/hakkimizda\/","og_site_name":"International Economic Summit","article_modified_time":"2024-11-25T23:39:14+00:00","twitter_card":"summary_large_image","twitter_misc":{"Tahmini okuma s\u00fcresi":"5 dakika"},"schema":{"@context":"https:\/\/schema.org","@graph":[{"@type":"WebPage","@id":"https:\/\/test.uluslararasiekonomizirvesi.org\/en\/hakkimizda\/","url":"https:\/\/test.uluslararasiekonomizirvesi.org\/en\/hakkimizda\/","name":"Hakk\u0131m\u0131zda - International Economic Summit","isPartOf":{"@id":"https:\/\/test.uluslararasiekonomizirvesi.org\/en\/#website"},"datePublished":"2019-01-06T06:12:01+00:00","dateModified":"2024-11-25T23:39:14+00:00","breadcrumb":{"@id":"https:\/\/test.uluslararasiekonomizirvesi.org\/en\/hakkimizda\/#breadcrumb"},"inLanguage":"tr","potentialAction":[{"@type":"ReadAction","target":["https:\/\/test.uluslararasiekonomizirvesi.org\/en\/hakkimizda\/"]}]},{"@type":"BreadcrumbList","@id":"https:\/\/test.uluslararasiekonomizirvesi.org\/en\/hakkimizda\/#breadcrumb","itemListElement":[{"@type":"ListItem","position":1,"name":"Anasayfa","item":"https:\/\/test.uluslararasiekonomizirvesi.org\/en\/"},{"@type":"ListItem","position":2,"name":"Hakk\u0131m\u0131zda"}]},{"@type":"WebSite","@id":"https:\/\/test.uluslararasiekonomizirvesi.org\/en\/#website","url":"https:\/\/test.uluslararasiekonomizirvesi.org\/en\/","name":"International Economic Summit","description":"","potentialAction":[{"@type":"SearchAction","target":{"@type":"EntryPoint","urlTemplate":"https:\/\/test.uluslararasiekonomizirvesi.org\/en\/?s={search_term_string}"},"query-input":{"@type":"PropertyValueSpecification","valueRequired":true,"valueName":"search_term_string"}}],"inLanguage":"tr"}]}},"_links":{"self":[{"href":"https:\/\/test.uluslararasiekonomizirvesi.org\/en\/wp-json\/wp\/v2\/pages\/994","targetHints":{"allow":["GET"]}}],"collection":[{"href":"https:\/\/test.uluslararasiekonomizirvesi.org\/en\/wp-json\/wp\/v2\/pages"}],"about":[{"href":"https:\/\/test.uluslararasiekonomizirvesi.org\/en\/wp-json\/wp\/v2\/types\/page"}],"author":[{"embeddable":true,"href":"https:\/\/test.uluslararasiekonomizirvesi.org\/en\/wp-json\/wp\/v2\/users\/1"}],"replies":[{"embeddable":true,"href":"https:\/\/test.uluslararasiekonomizirvesi.org\/en\/wp-json\/wp\/v2\/comments?post=994"}],"version-history":[{"count":0,"href":"https:\/\/test.uluslararasiekonomizirvesi.org\/en\/wp-json\/wp\/v2\/pages\/994\/revisions"}],"wp:attachment":[{"href":"https:\/\/test.uluslararasiekonomizirvesi.org\/en\/wp-json\/wp\/v2\/media?parent=994"}],"curies":[{"name":"wp","href":"https:\/\/api.w.org\/{rel}","templated":true}]}}